{"id":3,"date":"2025-05-17T12:10:49","date_gmt":"2025-05-17T12:10:49","guid":{"rendered":"https:\/\/logopediaudicion.es\/?page_id=3"},"modified":"2025-06-13T17:33:29","modified_gmt":"2025-06-13T17:33:29","slug":"aviso-legal","status":"publish","type":"page","link":"https:\/\/logopediaudicion.es\/es_es\/aviso-legal\/","title":{"rendered":"Aviso legal"},"content":{"rendered":"\t\t<div data-elementor-type=\"wp-page\" data-elementor-id=\"3\" class=\"elementor elementor-3\" data-elementor-post-type=\"page\">\n\t\t\t\t<div class=\"elementor-element elementor-element-3c841807 e-flex e-con-boxed e-con e-parent\" data-id=\"3c841807\" data-element_type=\"container\" data-e-type=\"container\">\n\t\t\t\t\t<div class=\"e-con-inner\">\n\t\t\t\t<div class=\"elementor-element elementor-element-931124c elementor-widget elementor-widget-text-editor\" data-id=\"931124c\" data-element_type=\"widget\" data-e-type=\"widget\" data-widget_type=\"text-editor.default\">\n\t\t\t\t<div class=\"elementor-widget-container\">\n\t\t\t\t\t\t\t\t\t\n<p><strong>Aviso Legal<\/strong><\/p>\n<p><strong>1. Aviso Legal e informaci\u00f3n sobre las condiciones de uso del sitio web<\/strong><\/p>\n<p>En cumplimiento con el deber de informaci\u00f3n estipulado en el art\u00edculo 10 de la Ley 34\/2002, de 11 de julio, de Servicios de la Sociedad de la Informaci\u00f3n y Comercio Electr\u00f3nico, se informa a los usuarios que este sitio web pertenece a\u00a0<strong>NEUROTALK ESPECIALISTAS EN NEURODESARROLLO SL<\/strong>.<\/p>\n<p>Correo electr\u00f3nico:\u00a0<a><strong>INFO@LOGOPEDIAUDICION.ES<\/strong><\/a><\/p>\n<p>Las presentes condiciones regulan el uso, las limitaciones de responsabilidad y las obligaciones que los usuarios de la p\u00e1gina web que se publica bajo el nombre de dominio\u00a0<a><strong>www.logopediaudicion.es<\/strong><\/a>\u00a0asumen y se comprometen a respetar.<\/p>\n<p>En cualquier caso, la aceptaci\u00f3n del aviso legal no supone el establecimiento de una relaci\u00f3n contractual entre el USUARIO y el RESPONSABLE del sitio web, ni afectar\u00e1 a aquella que pudieran tener previamente.<\/p>\n<p><strong>2. Definiciones<\/strong><\/p>\n<ul>\n<li><strong>\u00abP\u00e1gina\u00bb<\/strong>: Dominio\u00a0<a><strong>www.logopediaudicion.es<\/strong><\/a>, que se pone a disposici\u00f3n de los Usuarios de Internet.<\/li>\n<li><strong>\u00abUsuario\u00bb<\/strong>: Persona f\u00edsica o jur\u00eddica que utiliza o navega por la P\u00e1gina.<\/li>\n<li><strong>\u00abContenido\u00bb<\/strong>: P\u00e1ginas que conforman la totalidad del dominio\u00a0<a><strong>www.logopediaudicion.es<\/strong><\/a>, incluyendo textos, fotograf\u00edas, gr\u00e1ficos, iconos, logos, tecnolog\u00eda, enlaces, dise\u00f1o gr\u00e1fico y c\u00f3digo fuente.<\/li>\n<li><strong>\u00abWeb\u00bb<\/strong>: Sistema de acceso a la informaci\u00f3n v\u00eda Internet.<\/li>\n<li><strong>\u00abHiperenlace\u00bb<\/strong>: T\u00e9cnica para la navegaci\u00f3n entre p\u00e1ginas web mediante enlaces.<\/li>\n<li><strong>\u00abCookies\u00bb<\/strong>: Ficheros de texto utilizados para el seguimiento de la navegaci\u00f3n en los sitios web.<\/li>\n<\/ul>\n<p><strong>3. Usuarios \/ Condiciones de uso<\/strong><\/p>\n<p>El acceso y\/o uso de este sitio web atribuye la condici\u00f3n de USUARIO, que acepta desde dicho acceso y\/o uso los presentes t\u00e9rminos de uso sin reservas.<\/p>\n<p>Si el Usuario no est\u00e1 conforme con las condiciones de uso de este Aviso Legal, debe abstenerse de utilizar la P\u00e1gina.<\/p>\n<p><strong>4. Uso del sitio web<\/strong><\/p>\n<p>NEUROTALK ESPECIALISTAS EN NEURODESARROLLO SL proporciona el acceso a informaciones y datos (en adelante, \u00abLOS CONTENIDOS\u00bb) de su propiedad. El USUARIO asume la responsabilidad del uso de la web y se compromete a:<\/p>\n<p>(i) No incurrir en actividades il\u00edcitas, ilegales o contrarias a la buena fe y al orden p\u00fablico. (ii) No difundir contenidos de car\u00e1cter racista, xen\u00f3fobo, pornogr\u00e1fico, de apolog\u00eda del terrorismo o que atenten contra los derechos humanos. (iii) No provocar da\u00f1os en los sistemas inform\u00e1ticos de NEUROTALK, sus proveedores o terceros. (iv) No intentar acceder a las cuentas de correo de otros usuarios ni modificar sus mensajes.<\/p>\n<p><strong>5. Pol\u00edtica de privacidad. Protecci\u00f3n de Datos<\/strong><\/p>\n<p>NEUROTALK ESPECIALISTAS EN NEURODESARROLLO SL ha implementado una pol\u00edtica de protecci\u00f3n de datos conforme a la normativa vigente. Se recomienda la lectura de la\u00a0<strong>Pol\u00edtica de Privacidad<\/strong>\u00a0en\u00a0<a><strong>www.logopediaudicion.es<\/strong><\/a>.<\/p>\n<p><strong>6. Hiperenlaces<\/strong><\/p>\n<p>Los enlaces a sitios web externos no son operados ni controlados por NEUROTALK, por lo que no garantizamos ni nos hacemos responsables de la licitud, fiabilidad o veracidad de su contenido.<\/p>\n<p>Condiciones para establecer hiperenlaces:<\/p>\n<ul>\n<li>No se podr\u00e1 reproducir total o parcialmente el contenido del sitio web sin autorizaci\u00f3n expresa.<\/li>\n<li>No se crear\u00e1n \u00abframes\u00bb sobre la p\u00e1gina web de NEUROTALK.<\/li>\n<li>No se realizar\u00e1n declaraciones falsas, inexactas u ofensivas sobre NEUROTALK o sus usuarios.<\/li>\n<li>La p\u00e1gina donde se establezca el hiperenlace no contendr\u00e1 contenidos il\u00edcitos o contrarios a la moral y el orden p\u00fablico.<\/li>\n<\/ul>\n<p><strong>7. Modificaci\u00f3n del Aviso Legal<\/strong><\/p>\n<p>NEUROTALK ESPECIALISTAS EN NEURODESARROLLO SL se reserva el derecho de modificar en cualquier momento y sin previo aviso la informaci\u00f3n contenida en el sitio web.<\/p>\n<p><strong>8. Propiedad intelectual \/ industrial<\/strong><\/p>\n<p>Todos los derechos de propiedad intelectual e industrial del sitio web y sus contenidos pertenecen a\u00a0<strong>NEUROTALK ESPECIALISTAS EN NEURODESARROLLO SL<\/strong>\u00a0o a sus licenciantes.<\/p>\n<p>Se proh\u00edbe la reproducci\u00f3n, distribuci\u00f3n y comunicaci\u00f3n p\u00fablica, total o parcial, de los contenidos sin autorizaci\u00f3n expresa de NEUROTALK.<\/p>\n<p><strong>9. Cookies<\/strong><\/p>\n<p>El sitio web puede utilizar cookies para mejorar la navegaci\u00f3n del usuario. Para m\u00e1s informaci\u00f3n, se recomienda leer la\u00a0<strong>Pol\u00edtica de Cookies<\/strong>\u00a0en\u00a0<a><strong>www.logopediaudicion.es<\/strong><\/a>.<\/p>\n<p><strong>10. Disponibilidad de la p\u00e1gina<\/strong><\/p>\n<p>NEUROTALK no garantiza la inexistencia de interrupciones o errores en el acceso a la p\u00e1gina web. No se responsabiliza de da\u00f1os ocasionados por fallos en la red de telecomunicaciones.<\/p>\n<p><strong>11. Jurisdicci\u00f3n<\/strong><\/p>\n<p>Cualquier litigio relacionado con la interpretaci\u00f3n o aplicaci\u00f3n de este Aviso Legal estar\u00e1 sujeto a la legislaci\u00f3n espa\u00f1ola vigente.<\/p>\n<p><strong>12. Legislaci\u00f3n aplicable<\/strong><\/p>\n<p>Las presentes condiciones se rigen por la legislaci\u00f3n espa\u00f1ola. Queda prohibida la copia, reproducci\u00f3n o difusi\u00f3n del contenido sin autorizaci\u00f3n expresa.<\/p>\t\t\t\t\t\t\t\t<\/div>\n\t\t\t\t<\/div>\n\t\t\t\t\t<\/div>\n\t\t\t\t<\/div>\n\t\t\t\t<\/div>\n\t\t","protected":false},"excerpt":{"rendered":"<p>Aviso Legal 1. Aviso Legal e informaci\u00f3n sobre las condiciones de uso del sitio web En cumplimiento con el deber de informaci\u00f3n estipulado en el art\u00edculo 10 de la Ley 34\/2002, de 11 de julio, de Servicios de la Sociedad de la Informaci\u00f3n y Comercio Electr\u00f3nico, se informa a los usuarios que este sitio web [&hellip;]<\/p>\n","protected":false},"author":1,"featured_media":0,"parent":0,"menu_order":0,"comment_status":"closed","ping_status":"open","template":"","meta":{"iawp_total_views":15,"footnotes":""},"class_list":["post-3","page","type-page","status-publish","hentry"],"_links":{"self":[{"href":"https:\/\/logopediaudicion.es\/es_es\/wp-json\/wp\/v2\/pages\/3","targetHints":{"allow":["GET"]}}],"collection":[{"href":"https:\/\/logopediaudicion.es\/es_es\/wp-json\/wp\/v2\/pages"}],"about":[{"href":"https:\/\/logopediaudicion.es\/es_es\/wp-json\/wp\/v2\/types\/page"}],"author":[{"embeddable":true,"href":"https:\/\/logopediaudicion.es\/es_es\/wp-json\/wp\/v2\/users\/1"}],"replies":[{"embeddable":true,"href":"https:\/\/logopediaudicion.es\/es_es\/wp-json\/wp\/v2\/comments?post=3"}],"version-history":[{"count":4,"href":"https:\/\/logopediaudicion.es\/es_es\/wp-json\/wp\/v2\/pages\/3\/revisions"}],"predecessor-version":[{"id":370,"href":"https:\/\/logopediaudicion.es\/es_es\/wp-json\/wp\/v2\/pages\/3\/revisions\/370"}],"wp:attachment":[{"href":"https:\/\/logopediaudicion.es\/es_es\/wp-json\/wp\/v2\/media?parent=3"}],"curies":[{"name":"wp","href":"https:\/\/api.w.org\/{rel}","templated":true}]}}